{"id":1496,"date":"2022-05-11T10:18:43","date_gmt":"2022-05-11T10:18:43","guid":{"rendered":"https:\/\/www.sigi-grossstadt.de\/?page_id=1496"},"modified":"2026-04-07T16:42:33","modified_gmt":"2026-04-07T16:42:33","slug":"stagerider","status":"publish","type":"page","link":"https:\/\/www.sigi-grossstadt.de\/?page_id=1496","title":{"rendered":"Stage-Rider"},"content":{"rendered":"<div class=\"row\">\n<div class=\"col-md-12 col-sm-12 col-xs-12\">\n<h2>Sigi Gro\u00dfstadt &#8211; Stage-Rider<\/h2>\n<p>&nbsp;<br \/>\n<a class=\"nav-link js-scroll-trigger\" href=\"https:\/\/www.sigi-grossstadt.de\/wp-content\/uploads\/Sigi-Grossstadt-Stage-Rider-2023-sw.pdf\"><img decoding=\"async\" src=\"https:\/\/www.sigi-grossstadt.de\/wp-content\/uploads\/PDF.jpg\" height=\"80px\"><\/a><\/p>\n<h5><a href=\"https:\/\/www.sigi-grossstadt.de\/wp-content\/uploads\/Sigi-Grossstadt-Stage-Rider-2023-sw.pdf\" target=\"_blank\" rel=\"noopener\"><u>Sigi Gro\u00dfstadt Stage Rider als PDF<\/u><\/a><\/h5>\n<p>&nbsp;<br \/>\nDieser Rider soll Veranstalter und Band helfen, einen reibungslosen Ablauf der gemeinsamen Veranstaltung zu gew\u00e4hrleisten. Bitte lesen Sie die Anforderungen genau durch und beachten Sie, dass der Rider Vertragsgegenstand ist. Vielen Dank.<\/p>\n<p>Bei technischen Fragen wenden Sie sich bitte an:<\/p>\n<p>Christian Obermaier<\/p>\n<p>0172 \/ 944 11 68<\/p>\n<p><a href=\"mailto:christianobermaier@yahoo.co.uk\"><u>christianobermaier@yahoo.co.uk<\/u><\/a><\/p>\n<p>&nbsp;<\/p>\n<p><strong>Band<\/strong><\/p>\n<p>Sigi Gro\u00dfstadt spielen Deutschrock und bestehen aus:<\/p>\n<p>Gesang \u2013 Sigi Hammerschmid<\/p>\n<p>Keyboard + Gesang \u2013 Linda Haase<\/p>\n<p>E-Gitarre + Gesang \u2013 Mario Gr\u00f6tsch<\/p>\n<p>E-Bass + Gesang \u2013 Sergey Osipov<\/p>\n<p>Schlagzeug + Samples \u2013 Christian Obermaier<\/p>\n<p>&nbsp;<\/p>\n<p><strong>PA-System <\/strong><\/p>\n<p>Das Beschallungssystem soll der Veranstaltungsfl\u00e4che angemessen sein. Bei Eintreffen der Bandcrew sollte es eingemessen und getestet sein.<\/p>\n<p>&nbsp;<\/p>\n<p><strong>Monitoring <\/strong><\/p>\n<p>Auf der B\u00fchne ben\u00f6tigen wir kein externes Monitoring, wir bringen unser eigenes, autarkes System mit. Alle f\u00fcnf In-Ears werden von uns selbst geregelt.<\/p>\n<p>&nbsp;<\/p>\n<p><strong>Mischpult <\/strong><\/p>\n<p>Das Mischpult sollte \u00fcber mindestens 20 freie Kan\u00e4le und vollparametrische EQs verf\u00fcgen.<\/p>\n<p>&nbsp;<\/p>\n<p><strong>Soundkonzept<\/strong><\/p>\n<p>Wir sammeln alle unsere Signale in unserer <strong>eigenen<\/strong> 16-In Stagebox vor dem Schlagzeug, von wo sie f\u00fcr das FoH-Mischpult gesplittet und trafosymmetriert einzeln abgegriffen werden k\u00f6nnen. Ein kurzes 16fach XLR Multicore zum patchen bringen wir mit. Phantomspeisung wird von uns gemacht. Unsere Signale werden in unserem Laptop (steht beim Drummer) weiter bearbeitet. Daraus erstellen wir unsere In-Ear-Mixe, spezielle Hall- und Delayeffekte f\u00fcr Vocals und Drums, und Sample-Einspielungen (Chor, Ger\u00e4usche, Percussion). Die Effekte und Samples werden auf zwei Kan\u00e4len ebenfalls an unserer Stagebox an FoH \u00fcbergeben.<\/p>\n<p>Wir stellen folgende Signale fertig mikrofoniert \/ als DI zur Verf\u00fcgung.<\/p>\n<table style=\"height: 151px;\" width=\"604\">\n<tbody>\n<tr>\n<th>Drums<\/th>\n<th>vorhanden<\/th>\n<th>Abgriff<\/th>\n<th>Stecker<\/th>\n<\/tr>\n<tr>\n<td>Bass Drum 22&#8243;<\/td>\n<td>Audix D6<\/td>\n<td>Stagebox Out 19<\/td>\n<td>XLRm<\/td>\n<td>&nbsp;<\/td>\n<\/tr>\n<tr>\n<td>Snare 14&#8243;<\/td>\n<td>Sennheiser E904<\/td>\n<td>Stagebox Out 20<\/td>\n<td>XLRm<\/td>\n<td>&nbsp;<\/td>\n<\/tr>\n<tr>\n<td>Tom 1&nbsp;&nbsp;&nbsp;8&#8243;<\/td>\n<td>Sennheiser E904<\/td>\n<td>Stagebox Out 31<\/td>\n<td>XLRm<\/td>\n<td>&nbsp;<\/td>\n<\/tr>\n<tr>\n<td>Tom 2&nbsp;&nbsp;&nbsp;10&#8243;<\/td>\n<td>Sennheiser E904<\/td>\n<td>Stagebox Out 32<\/td>\n<td>XLRm<\/td>\n<td>&nbsp;<\/td>\n<\/tr>\n<tr>\n<td>Tom 3&nbsp;&nbsp;&nbsp;12&#8243;<\/td>\n<td>Sennheiser E904<\/td>\n<td>Stagebox Out 33<\/td>\n<td>XLRm<\/td>\n<td>&nbsp;<\/td>\n<\/tr>\n<tr>\n<td>Tom 4&nbsp;&nbsp;&nbsp;16&#8243;<\/td>\n<td>Sennheiser E904<\/td>\n<td>Stagebox Out 34<\/td>\n<td>XLRm<\/td>\n<td>&nbsp;<\/td>\n<\/tr>\n<tr>\n<td>Ride links<\/td>\n<td>AKG C1000<\/td>\n<td>Stagebox Out 35<\/td>\n<td>XLRm<\/td>\n<td>&nbsp;<\/td>\n<\/tr>\n<tr>\n<td>HH+Crash rechts<\/td>\n<td>AKG C1000<\/td>\n<td>Stagebox Out 36<\/td>\n<td>XLRm<\/td>\n<td>&nbsp;<\/td>\n<\/tr>\n<tr>\n<td>&nbsp;<\/td>\n<\/tr>\n<tr>\n<th>Vocals<\/th>\n<th>&nbsp;<\/th>\n<th>&nbsp;<\/th>\n<th>&nbsp;<\/th>\n<\/tr>\n<tr>\n<td>Lead Vocals Sigi<\/td>\n<td>Sennheiser E945<\/td>\n<td>Stagebox Out 11<\/td>\n<td>XLRm<\/td>\n<td>&nbsp;<\/td>\n<\/tr>\n<tr>\n<td>Backing Vocals Mario<\/td>\n<td>Shure Beta 58A<\/td>\n<td>Stagebox Out 12<\/td>\n<td>XLRm<\/td>\n<td>&nbsp;<\/td>\n<\/tr>\n<tr>\n<td>Backing Vocals Linda<\/td>\n<td>AKG D5<\/td>\n<td>Stagebox Out 13<\/td>\n<td>XLRm<\/td>\n<td>&nbsp;<\/td>\n<\/tr>\n<tr>\n<td>Backing Vocals Sergey<\/td>\n<td>Shure Beta 58<\/td>\n<td>Stagebox Out 14<\/td>\n<td>XLRm<\/td>\n<td>&nbsp;<\/td>\n<\/tr>\n<tr>\n<td>&nbsp;<\/td>\n<\/tr>\n<tr>\n<th>Instrumente<\/th>\n<th>&nbsp;<\/th>\n<th>&nbsp;<\/th>\n<th>&nbsp;<\/th>\n<\/tr>\n<tr>\n<td>E-Gitarre Pedalboard<\/td>\n<td>DI<\/td>\n<td>Stagebox Out 15<\/td>\n<td>XLRm<\/td>\n<td>&nbsp;<\/td>\n<\/tr>\n<tr>\n<td>E-Bass Combo Mini<\/td>\n<td>DI<\/td>\n<td>Stagebox Out 16<\/td>\n<td>XLRm<\/td>\n<td>&nbsp;<\/td>\n<\/tr>\n<tr>\n<td>Keyboard L<\/td>\n<td>DI<\/td>\n<td>Stagebox Out 17<\/td>\n<td>XLRm<\/td>\n<td>&nbsp;<\/td>\n<\/tr>\n<tr>\n<td>Keyboard R<\/td>\n<td>DI<\/td>\n<td>Stagebox Out 18<\/td>\n<td>XLRm<\/td>\n<td>&nbsp;<\/td>\n<\/tr>\n<tr>\n<td>&nbsp;<\/td>\n<\/tr>\n<tr>\n<th>Laptop<\/th>\n<th>&nbsp;<\/th>\n<th>&nbsp;<\/th>\n<th>&nbsp;<\/th>\n<\/tr>\n<tr>\n<td>Samples L<\/td>\n<td>DI<\/td>\n<td>Stagebox Out 27<\/td>\n<td>XLRm<\/td>\n<td>&nbsp;<\/td>\n<\/tr>\n<tr>\n<td>Samples R<\/td>\n<td>DI<\/td>\n<td>Stagebox Out 28<\/td>\n<td>XLRm<\/td>\n<td>&nbsp;<\/td>\n<\/tr>\n<tr>\n<td>Hall+Delay L<\/td>\n<td>DI<\/td>\n<td>Stagebox Out 29<\/td>\n<td>XLRm<\/td>\n<td>&nbsp;<\/td>\n<\/tr>\n<tr>\n<td>Hall+Delay R<\/td>\n<td>DI<\/td>\n<td>Stagebox Out 30<\/td>\n<td>XLRm<\/td>\n<td>&nbsp;<\/td>\n<\/tr>\n<\/tbody>\n<\/table>\n<p>&nbsp;<\/p>\n<p><strong>B\u00fchne\/Riser\/Personal <\/strong><\/p>\n<p>Bei Eintreffen der Bandcrew muss die B\u00fchne gereinigt und bezugsfertig sein. Bei Open-Air-Veranstaltungen muss die B\u00fchne zudem durch Dach- und W\u00e4nde sowie durch flachen, ebenen B\u00fchnenboden ordentlich vor Witterung gesch\u00fctzt sein.<\/p>\n<p>Ein Riser (2m x 2m x 0,4m) f\u00fcr das Schlagzeug soll links an der Hinterkante der B\u00fchne aufgebaut sein.<\/p>\n<p>Wir freuen uns auf einen kompetenten, netten, n\u00fcchternen und ausgeschlafenen Tontechniker, der mit der elektrischen Anlage vertraut ist und vom Get-in bis zum Ende der Veranstaltung f\u00fcr technische Fragen unser Ansprechpartner ist.<\/p>\n<p>Wir freuen uns auch auf einen kompetenten, kreativen Lichttechniker, der die Show stimmungsvoll beleuchtet.<\/p>\n<p>&nbsp;<br \/>\n<a href=\"https:\/\/www.sigi-grossstadt.de\/wp-content\/uploads\/Stage-plan-klein.jpg\"><img \nsrc=\"https:\/\/www.sigi-grossstadt.de\/wp-content\/uploads\/Stage-plan-klein.jpg\" alt=\"\" width=\"600\" height=\"476\" class=\"alignnone size-medium wp-image-1618\" \/><\/a><\/p>\n<p>Vielen Dank, dass Sie sich die Zeit genommen haben, diesen Rider zu lesen. Sollten Einzelheiten nicht realisierbar sein m\u00f6chten wir Sie bitten -vorab- mit unserem technischen Ansprechpartner Kontakt aufzunehmen. Wir freuen uns auf eine gute Zusammenarbeit und eine erfolgreiche Produktion.<\/p>\n<\/div>\n<\/div>\n","protected":false},"excerpt":{"rendered":"<p>Sigi Gro\u00dfstadt &#8211; Stage-Rider &nbsp; Sigi Gro\u00dfstadt Stage Rider als PDF &nbsp; Dieser Rider soll Veranstalter und Band helfen, einen reibungslosen Ablauf der gemeinsamen Veranstaltung zu gew\u00e4hrleisten. Bitte lesen Sie die Anforderungen genau durch und beachten Sie, dass der Rider Vertragsgegenstand ist. Vielen Dank. Bei technischen Fragen wenden Sie sich bitte an: Christian Obermaier 0172 [&hellip;]<\/p>\n","protected":false},"author":2,"featured_media":0,"parent":0,"menu_order":7,"comment_status":"closed","ping_status":"closed","template":"","meta":{"ngg_post_thumbnail":0,"footnotes":""},"class_list":["post-1496","page","type-page","status-publish","hentry"],"_links":{"self":[{"href":"https:\/\/www.sigi-grossstadt.de\/index.php?rest_route=\/wp\/v2\/pages\/1496","targetHints":{"allow":["GET"]}}],"collection":[{"href":"https:\/\/www.sigi-grossstadt.de\/index.php?rest_route=\/wp\/v2\/pages"}],"about":[{"href":"https:\/\/www.sigi-grossstadt.de\/index.php?rest_route=\/wp\/v2\/types\/page"}],"author":[{"embeddable":true,"href":"https:\/\/www.sigi-grossstadt.de\/index.php?rest_route=\/wp\/v2\/users\/2"}],"replies":[{"embeddable":true,"href":"https:\/\/www.sigi-grossstadt.de\/index.php?rest_route=%2Fwp%2Fv2%2Fcomments&post=1496"}],"version-history":[{"count":40,"href":"https:\/\/www.sigi-grossstadt.de\/index.php?rest_route=\/wp\/v2\/pages\/1496\/revisions"}],"predecessor-version":[{"id":1902,"href":"https:\/\/www.sigi-grossstadt.de\/index.php?rest_route=\/wp\/v2\/pages\/1496\/revisions\/1902"}],"wp:attachment":[{"href":"https:\/\/www.sigi-grossstadt.de\/index.php?rest_route=%2Fwp%2Fv2%2Fmedia&parent=1496"}],"curies":[{"name":"wp","href":"https:\/\/api.w.org\/{rel}","templated":true}]}}