{"id":17,"date":"2012-05-11T12:01:00","date_gmt":"2012-05-11T12:01:00","guid":{"rendered":"http:\/\/www.sigi-grossstadt.de\/wordpress\/?page_id=17"},"modified":"2023-05-23T20:11:58","modified_gmt":"2023-05-23T20:11:58","slug":"video","status":"publish","type":"page","link":"https:\/\/www.sigi-grossstadt.de\/?page_id=17","title":{"rendered":"Video"},"content":{"rendered":"<div class=\"row\">\n<div class=\"col-lg-6 col-xs-12\">\n<h3 style=\"font-size: 2.0em; font-weight: normal; padding: 0 0 0; margin-top: 15px;\">Sigi Gro\u00dfstadt &#8211; Live in Eddy&#8217;s Rockclub<\/h3>\n<div class=\"embed-responsive embed-responsive-16by9\">\n<iframe loading=\"lazy\" class=\"embed-responsive-item\" src=\"https:\/\/www.youtube.com\/embed\/vvP6dnLbboQ\" frameborder=\"0\" allow=\"accelerometer; autoplay; encrypted-media; gyroscope; picture-in-picture\" allowfullscreen height=\"100%\" width=\"100%\"><\/iframe>\n<\/div>\n<\/div>\n<div class=\"col-lg-6 col-xs-12\">\n<h3 style=\"font-size: 2.0em; font-weight: normal; padding: 0 0 0; margin-top: 15px;\">Sigi Gro\u00dfstadt &#8211; Blick Voraus<\/h3>\n<div class=\"embed-responsive embed-responsive-16by9\">\n<iframe loading=\"lazy\" class=\"embed-responsive-item\" src=\"https:\/\/www.youtube.com\/embed\/pRrvpJRZn-c\" frameborder=\"0\" allow=\"accelerometer; autoplay; encrypted-media; gyroscope; picture-in-picture\" allowfullscreen height=\"100%\" width=\"100%\"><\/iframe><\/div>\n<\/div>\n<\/div>\n<div class=\"row\">\n<div class=\"col-lg-6 col-xs-12\">\n<h3 style=\"font-size: 2.0em; font-weight: normal; padding: 0 0 0; margin-top: 15px;\">Sigi Gro\u00dfstadt &#8211; Gedankenkarussell (Live)<\/h3>\n<div class=\"embed-responsive embed-responsive-16by9\">\n<iframe loading=\"lazy\" class=\"embed-responsive-item\" src=\"https:\/\/www.youtube.com\/embed\/vr8Rd_OChjk\" frameborder=\"0\" allow=\"accelerometer; autoplay; encrypted-media; gyroscope; picture-in-picture\" allowfullscreen height=\"100%\" width=\"100%\"><\/iframe><\/p>\n<\/div>\n<\/div>\n<div class=\"col-lg-6 col-xs-12\">\n<h3 style=\"font-size: 2.0em; font-weight: normal; padding: 0 0 0; margin-top: 15px;\">Sigi Gro\u00dfstadt &#8211; Lange her<\/h3>\n<div class=\"embed-responsive embed-responsive-16by9\">\n<iframe loading=\"lazy\" class=\"embed-responsive-item\" src=\"https:\/\/www.youtube.com\/embed\/7CGb72kKyDA\" frameborder=\"0\" allow=\"accelerometer; autoplay; encrypted-media; gyroscope; picture-in-picture\" allowfullscreen height=\"100%\" width=\"100%\"><\/iframe><\/p>\n<\/div>\n<\/div>\n<\/div>\n<div class=\"row\">\n<div class=\"col-lg-6 col-md-12 col-sm-12 col-xs-12\">\n<h3 style=\"font-size: 2.0em; font-weight: normal; padding: 0 0 0; margin-top: 15px;\">Sigi Gro\u00dfstadt &#8211; Du gehst ab<\/h3>\n<div class=\"embed-responsive embed-responsive-16by9\">\n<iframe loading=\"lazy\" class=\"embed-responsive-item\" src=\"https:\/\/www.youtube.com\/embed\/CKpuUhgWoIA\" frameborder=\"0\" allow=\"accelerometer; autoplay; encrypted-media; gyroscope; picture-in-picture\" allowfullscreen height=\"100%\" width=\"100%\"><\/iframe>\n<\/div>\n<\/div>\n<div class=\"col-lg-6 col-md-12 col-sm-12 col-xs-12\">\n<h3 style=\"font-size: 2.0em; font-weight: normal; padding: 0 0 0; margin-top: 15px;\">Sigi Gro\u00dfstadt &#8211; Gedankenkarussell<\/h3>\n<div class=\"embed-responsive embed-responsive-16by9\">\n<iframe loading=\"lazy\" class=\"embed-responsive-item\" src=\"https:\/\/www.youtube.com\/embed\/jOIJRQVUdOQ\" frameborder=\"0\" allow=\"accelerometer; autoplay; encrypted-media; gyroscope; picture-in-picture\" allowfullscreen height=\"100%\" width=\"100%\"><\/iframe>\n<\/div>\n<\/div>\n<\/div>\n<div class=\"row\">\n<div class=\"col-lg-6 col-md-12 col-sm-12 col-xs-12\">\n<h3 style=\"font-size: 2.0em; font-weight: normal; padding: 0 0 0; margin-top: 15px;\">Sigi Gro\u00dfstadt &#8211; Tag im April<\/h3>\n<div class=\"embed-responsive embed-responsive-16by9\">\n<iframe loading=\"lazy\" class=\"embed-responsive-item\" src=\"https:\/\/www.youtube.com\/embed\/YzYIuFdRrzc\" frameborder=\"0\" allow=\"accelerometer; autoplay; encrypted-media; gyroscope; picture-in-picture\" allowfullscreen height=\"100%\" width=\"100%\"><\/iframe>\n<\/div>\n<\/div>\n<div class=\"col-lg-6 col-md-12 col-sm-12 col-xs-12\">\n<h3 style=\"font-size: 2.0em; font-weight: normal; padding: 0 0 0; margin-top: 15px;\">Sigi Gro\u00dfstadt &#8211; Steht Zusammen<\/h3>\n<div class=\"embed-responsive embed-responsive-16by9\">\n<iframe loading=\"lazy\" class=\"embed-responsive-item\" src=\"https:\/\/www.youtube.com\/embed\/ks6hOzeckWo\" frameborder=\"0\" allow=\"accelerometer; autoplay; encrypted-media; gyroscope; picture-in-picture\" allowfullscreen height=\"100%\" width=\"100%\"><\/iframe>\n<\/div>\n<\/div>\n<\/div>\n<div class=\"row\">\n<div class=\"col-lg-6 col-md-12 col-sm-12 col-xs-12\">\n<h3 style=\"font-size: 2.0em; font-weight: normal; padding: 0 0 0; margin-top: 15px;\">Sigi Gro\u00dfstadt &#8211; Wenn du mich h\u00f6rst<\/h3>\n<div class=\"embed-responsive embed-responsive-16by9\">\n<iframe loading=\"lazy\" class=\"embed-responsive-item\" src=\"https:\/\/www.youtube.com\/embed\/rSwj_rxgMDI\" frameborder=\"0\" allow=\"accelerometer; autoplay; encrypted-media; gyroscope; picture-in-picture\" allowfullscreen height=\"100%\" width=\"100%\"><\/iframe>\n<\/div>\n<\/div>\n<div class=\"col-lg-6 col-md-12 col-sm-12 col-xs-12\">\n<h3 style=\"font-size: 2.0em; font-weight: normal; padding: 0 0 0; margin-top: 15px;\">Sigi Gro\u00dfstadt &#8211; Was Z\u00e4hlt<\/h3>\n<div class=\"embed-responsive embed-responsive-16by9\">\n<iframe loading=\"lazy\" class=\"embed-responsive-item\" src=\"https:\/\/www.youtube.com\/embed\/xmBdHEPU7lw\" frameborder=\"0\" allow=\"accelerometer; autoplay; encrypted-media; gyroscope; picture-in-picture\" allowfullscreen height=\"100%\" width=\"100%\"><\/iframe>\n<\/div>\n<\/div>\n<\/div>\n<p><!--\n\n\n<h3 style=\"font-size: 2.0em; font-weight: normal; padding: 0 0 0; margin-top: 15px;\">SIGI GRO\u00dfSTADT - Lange Her<\/h3>\n\n\n<iframe loading=\"lazy\" src=\"http:\/\/www.youtube.com\/embed\/18-w0qrxVmI?&amp;vq=hd720&amp;feature=player_embedded&amp;autoplay=0&amp;rel=0\" width=\"720\" height=\"405\" frameborder=\"0\" allowfullscreen=\"allowfullscreen\"><\/iframe> --><\/p>\n","protected":false},"excerpt":{"rendered":"<p>Sigi Gro\u00dfstadt &#8211; Live in Eddy&#8217;s Rockclub Sigi Gro\u00dfstadt &#8211; Blick Voraus Sigi Gro\u00dfstadt &#8211; Gedankenkarussell (Live) Sigi Gro\u00dfstadt &#8211; Lange her Sigi Gro\u00dfstadt &#8211; Du gehst ab Sigi Gro\u00dfstadt &#8211; Gedankenkarussell Sigi Gro\u00dfstadt &#8211; Tag im April Sigi Gro\u00dfstadt &#8211; Steht Zusammen Sigi Gro\u00dfstadt &#8211; Wenn du mich h\u00f6rst Sigi Gro\u00dfstadt &#8211; Was Z\u00e4hlt<\/p>\n","protected":false},"author":1,"featured_media":0,"parent":0,"menu_order":4,"comment_status":"open","ping_status":"closed","template":"","meta":{"ngg_post_thumbnail":0,"footnotes":""},"class_list":["post-17","page","type-page","status-publish","hentry"],"_links":{"self":[{"href":"https:\/\/www.sigi-grossstadt.de\/index.php?rest_route=\/wp\/v2\/pages\/17","targetHints":{"allow":["GET"]}}],"collection":[{"href":"https:\/\/www.sigi-grossstadt.de\/index.php?rest_route=\/wp\/v2\/pages"}],"about":[{"href":"https:\/\/www.sigi-grossstadt.de\/index.php?rest_route=\/wp\/v2\/types\/page"}],"author":[{"embeddable":true,"href":"https:\/\/www.sigi-grossstadt.de\/index.php?rest_route=\/wp\/v2\/users\/1"}],"replies":[{"embeddable":true,"href":"https:\/\/www.sigi-grossstadt.de\/index.php?rest_route=%2Fwp%2Fv2%2Fcomments&post=17"}],"version-history":[{"count":65,"href":"https:\/\/www.sigi-grossstadt.de\/index.php?rest_route=\/wp\/v2\/pages\/17\/revisions"}],"predecessor-version":[{"id":1731,"href":"https:\/\/www.sigi-grossstadt.de\/index.php?rest_route=\/wp\/v2\/pages\/17\/revisions\/1731"}],"wp:attachment":[{"href":"https:\/\/www.sigi-grossstadt.de\/index.php?rest_route=%2Fwp%2Fv2%2Fmedia&parent=17"}],"curies":[{"name":"wp","href":"https:\/\/api.w.org\/{rel}","templated":true}]}}