{"id":2,"date":"2012-05-11T11:16:46","date_gmt":"2012-05-11T11:16:46","guid":{"rendered":"http:\/\/www.sigi-grossstadt.de\/wordpress\/?page_id=2"},"modified":"2026-04-10T14:01:30","modified_gmt":"2026-04-10T14:01:30","slug":"beispiel-seite","status":"publish","type":"page","link":"https:\/\/www.sigi-grossstadt.de\/","title":{"rendered":"Daheim"},"content":{"rendered":"<div class=\"row\">\n<div class=\"col-md-12 col-sm-12 col-xs-12 text-center\">\n<h1>SIGI GRO\u00dfSTADT &#8211; Deutschrock<\/h1>\n<\/p><\/div>\n<div class=\"row\">\n<div class=\"col-md-6 col-sm-12 col-xs-12  text-center\">\n      <a href=\"https:\/\/www.sigi-grossstadt.de\/wp-content\/uploads\/close-sw.jpg\"><img loading=\"lazy\" decoding=\"async\" class=\"alignnone size-full wp-image-1471\" src=\"https:\/\/www.sigi-grossstadt.de\/wp-content\/uploads\/close-sw.jpg\" alt=\"\" width=\"1420\" height=\"807\"><\/a><\/p>\n<h6>Christian (Trommeln), Linda (Tasten), Sigi (Stimme), Mario (Saiten), Sergey (Tiefsaiter)<\/h6>\n<\/div>\n<div class=\"col-md-6 col-sm-12 col-xs-12\">\n<div class=\"row\">\n<div class=\"col-12\">\n<h5>\nSigi Gro\u00dfstadt \u2013 Rocksongs mit Seele &#8211; die man auch auf der B\u00fchne erlebt haben muss.<\/h5>\n<h6>Die 2011 gegr\u00fcndete Band aus dem M\u00fcnchner Raum spielt eigene Songs mit sehr pers\u00f6nlichen Texten. Ihre Songs sind packend und tiefgehend.<br \/>\nEine ausdrucksstarke Stimme, melodische und abwechslungsreiche Arrangements machen die Musik der Band unverkennbar.<\/h6>\n<\/div>\n<\/div>\n<div class=\"row\">\n<div class=\"row\">\n<div class=\"col-12\">\n<h3>Unser Album &#8222;Was Ich Will&#8220; ist ver\u00f6ffentlicht !<\/h3>\n<h6>Hier k\u00f6nnt Ihr in unser neues Album reinh\u00f6ren, mit Buy habt Ihr unbegrenzten Zugriff auf die Streams und Downloads und unterst\u00fctzt damit Eure Lieblingsband !<\/h6>\n<p>&nbsp;<br \/>\n<iframe style=\"border: 0; width: 350px; height: 786px;\" src=\"https:\/\/bandcamp.com\/EmbeddedPlayer\/album=3801513261\/size=large\/bgcol=ffffff\/linkcol=0687f5\/transparent=true\/\" seamless><a href=\"https:\/\/sigigrossstadt.bandcamp.com\/album\/was-ich-will\">Was Ich Will by Sigi Gro\u00dfstadt<\/a><\/iframe><br \/>\n&nbsp;<\/p>\n<\/div>\n<\/div>\n<\/div>\n<div class=\"row\">\n<div class=\"col-12\">\n<div style=\"min-height: 30px;\">&nbsp;<\/div>\n<\/div>\n<\/div>\n<div class=\"row\">\n<div class=\"col-6\">\n<div class=\"embed-responsive embed-responsive-16by9\"><iframe loading=\"lazy\" class=\"embed-responsive-item\" src=\"https:\/\/www.youtube.com\/embed\/vr8Rd_OChjk\" width=\"100%\" height=\"100%\" frameborder=\"0\" allowfullscreen=\"allowfullscreen\"><\/iframe><\/div>\n<\/div>\n<div class=\"col-6\">\n<div class=\"embed-responsive embed-responsive-16by9\"><iframe loading=\"lazy\" class=\"embed-responsive-item\" src=\"https:\/\/www.youtube.com\/embed\/pRrvpJRZn-c\" width=\"100%\" height=\"100%\" frameborder=\"0\" allowfullscreen=\"allowfullscreen\"><\/iframe><\/div>\n<\/div>\n<\/div>\n<p>&nbsp;<\/p>\n<div class=\"col-6\">\n<div class=\"embed-responsive embed-responsive-16by9\"><iframe loading=\"lazy\" class=\"embed-responsive-item\" src=\"https:\/\/youtube.com\/embed\/vvP6dnLbboQ\" width=\"100%\" height=\"100%\" frameborder=\"0\" allowfullscreen=\"allowfullscreen\"><\/iframe><\/div>\n<\/div>\n<\/div>\n<\/div>\n<\/div>\n<\/div>\n","protected":false},"excerpt":{"rendered":"<p>SIGI GRO\u00dfSTADT &#8211; Deutschrock Christian (Trommeln), Linda (Tasten), Sigi (Stimme), Mario (Saiten), Sergey (Tiefsaiter) Sigi Gro\u00dfstadt \u2013 Rocksongs mit Seele &#8211; die man auch auf der B\u00fchne erlebt haben muss. Die 2011 gegr\u00fcndete Band aus dem M\u00fcnchner Raum spielt eigene Songs mit sehr pers\u00f6nlichen Texten. Ihre Songs sind packend und tiefgehend. Eine ausdrucksstarke Stimme, melodische [&hellip;]<\/p>\n","protected":false},"author":1,"featured_media":0,"parent":0,"menu_order":1,"comment_status":"open","ping_status":"open","template":"","meta":{"ngg_post_thumbnail":0,"footnotes":""},"class_list":["post-2","page","type-page","status-publish","hentry"],"_links":{"self":[{"href":"https:\/\/www.sigi-grossstadt.de\/index.php?rest_route=\/wp\/v2\/pages\/2","targetHints":{"allow":["GET"]}}],"collection":[{"href":"https:\/\/www.sigi-grossstadt.de\/index.php?rest_route=\/wp\/v2\/pages"}],"about":[{"href":"https:\/\/www.sigi-grossstadt.de\/index.php?rest_route=\/wp\/v2\/types\/page"}],"author":[{"embeddable":true,"href":"https:\/\/www.sigi-grossstadt.de\/index.php?rest_route=\/wp\/v2\/users\/1"}],"replies":[{"embeddable":true,"href":"https:\/\/www.sigi-grossstadt.de\/index.php?rest_route=%2Fwp%2Fv2%2Fcomments&post=2"}],"version-history":[{"count":101,"href":"https:\/\/www.sigi-grossstadt.de\/index.php?rest_route=\/wp\/v2\/pages\/2\/revisions"}],"predecessor-version":[{"id":1928,"href":"https:\/\/www.sigi-grossstadt.de\/index.php?rest_route=\/wp\/v2\/pages\/2\/revisions\/1928"}],"wp:attachment":[{"href":"https:\/\/www.sigi-grossstadt.de\/index.php?rest_route=%2Fwp%2Fv2%2Fmedia&parent=2"}],"curies":[{"name":"wp","href":"https:\/\/api.w.org\/{rel}","templated":true}]}}